{"id":1201,"date":"2014-04-28T08:03:14","date_gmt":"2014-04-28T06:03:14","guid":{"rendered":"https:\/\/anfe.it\/?page_id=1201"},"modified":"2026-01-26T08:45:11","modified_gmt":"2026-01-26T07:45:11","slug":"il-tuo-5x1-000-anfe","status":"publish","type":"page","link":"https:\/\/anfe.it\/?page_id=1201","title":{"rendered":"Il tuo 5&#215;1.000 all&#8217;Anfe"},"content":{"rendered":"<section class=\"wpb-content-wrapper\"><p>[vc_row][vc_column width=&#8221;2\/5&#8243;][vc_single_image image=&#8221;6172&#8243; img_size=&#8221;large&#8221; css_animation=&#8221;appear&#8221;][vc_single_image image=&#8221;6174&#8243; img_size=&#8221;large&#8221;][\/vc_column][vc_column width=&#8221;3\/5&#8243;][vc_column_text]<\/p>\n<h3>Per te un semplice gesto, per noi la possibilit\u00e0<br \/>\ndi continuare a prenderci cura di una grande parte di mondo<\/h3>\n<p>[\/vc_column_text][vc_column_text]<\/p>\n<p style=\"text-align: justify;\"><strong>Cos&#8217;\u00e8 il 5 x mille <\/strong><br \/>\nLa legge n. 206\/2005 ha istituito la destinazione di una quota pari al cinque per mille dell&#8217;imposta sul reddito delle persone fisiche (IRPEF) per finalit\u00e0 di sostegno del volontariato e delle altre organizzazioni non lucrative di utilit\u00e0 sociale, finanziamento della ricerca scientifica e dell&#8217;universit\u00e0, finanziamento della ricerca sanitaria e attivit\u00e0 sociali svolte dal comune di residenza del contribuente. Per esprimere la scelta i contribuenti devono apporre la propria firma nel riquadro corrispondente ad una soltanto delle quattro finalit\u00e0 destinatarie della quota del 5 per mille dell&#8217; IRPEF. Oltre all&#8217;apposizione della firma, il contribuente pu\u00f2 indicare il soggetto cui destinare la quota del \u201ccinque per mille\u201d scrivendone il codice fiscale.<\/p>\n<p style=\"text-align: justify;\"><strong>Perch\u00e9 destinare il 5 x mille a sostegno delle attivit\u00e0 di solidariet\u00e0 A.N.F.E. <\/strong><br \/>\nCon una firma puoi sostenere le attivit\u00e0 di solidariet\u00e0 promosse dall&#8217;A.N.F.E. a favore degli emigrati e degli immigrati. Il nostro \u00e8 un Ente morale, senza fini di lucro, fondato nel 1957 per rispondere alla necessit\u00e0 di tutela dei diritti degli emigranti e delle loro famiglie e di assistenza e sostegno alle comunit\u00e0 italiane nel mondo. Con la tua dichiarazione dei redditi potrai contribuire alla realizzazione delle attivit\u00e0 di solidariet\u00e0 e di sostegno allo sviluppo che l&#8217;A.N.F.E. ha organizzato e organizzer\u00e0 a favore di emigrati ed immigrati in Italia e in ogni parte del mondo.<\/p>\n<p style=\"text-align: justify;\"><strong>Iniziative di solidariet\u00e0 e di sostegno allo sviluppo <\/strong><br \/>\n<strong>a favore degli emigrati italiani e degli immigrati in Italia<\/strong><br \/>\nSi tratta di concrete azioni di sostegno allo sviluppo e di assistenza a casi individuali particolarmente bisognosi, proposti all&#8217;A.N.F.E. dalle sue delegazioni nel mondo o da altri organismi di volontariato e di utilit\u00e0 sociale e selezionati in base a criteri &#8211; che saranno resi pubblici sul sito www.anfe.it &#8211; basati sul reddito, sulle effettive e pressanti condizioni di disagio, sulle specifiche situazioni economiche dei paesi ospitanti. Le azioni saranno articolate in processi quali il sostegno per borse di studio, progetti di microimpresa, assistenza al rimpatrio, cure mediche, iniziative di integrazione e scambio culturale e molto altro ancora. Con la tua firma al \u201ccinque per mille\u201d puoi sostenere anche interventi a favore dell&#8217;integrazione degli immigrati. Gli obiettivi di questi interventi riguarderanno l\u2019integrazione lavorativa e l\u2019integrazione socioculturale.<\/p>\n<p style=\"text-align: justify;\"><strong>Come fare per destinare il 5 x mille a sostegno delle attivit\u00e0 di solidariet\u00e0 A.N.F.E. <\/strong><br \/>\nPer destinare il cinque per mille dell&#8217;imposta sul reddito a sostegno delle attivit\u00e0 di solidariet\u00e0 dell&#8217;A.N.F.E. dovrai apporre la tua firma nel riquadro corrispondente:<br \/>\n\u201cSostegno del volontariato, delle organizzazioni non lucrative di utilit\u00e0 sociale, delle associazioni di promozione sociale, delle associazioni e fondazioni\u201d\u00a0ed indicare, nello spazio sotto la firma, il codice fiscale dell&#8217;A.N.F.E.: 80190810582[\/vc_column_text]<div class=\"gap\" style=\"line-height: 10px; height: 10px;\"><\/div>[\/vc_column][\/vc_row]<\/p>\n<\/section>","protected":false},"excerpt":{"rendered":"<p>[vc_row][vc_column width=&#8221;2\/5&#8243;][vc_single_image image=&#8221;6172&#8243; img_size=&#8221;large&#8221; css_animation=&#8221;appear&#8221;][vc_single_image image=&#8221;6174&#8243; img_size=&#8221;large&#8221;][\/vc_column][vc_column width=&#8221;3\/5&#8243;][vc_column_text] Per te un semplice gesto, per noi la possibilit\u00e0 di continuare a prenderci cura di una grande parte di mondo [\/vc_column_text][vc_column_text] Cos&#8217;\u00e8 il 5 x mille La legge n. 206\/2005 ha istituito la destinazione di una quota pari al cinque per mille dell&#8217;imposta sul reddito delle persone&hellip;<\/p>\n","protected":false},"author":1,"featured_media":0,"parent":0,"menu_order":14,"comment_status":"closed","ping_status":"closed","template":"","meta":{"cybocfi_hide_featured_image":"","footnotes":""},"class_list":["post-1201","page","type-page","status-publish","hentry","description-off"],"_links":{"self":[{"href":"https:\/\/anfe.it\/index.php?rest_route=\/wp\/v2\/pages\/1201","targetHints":{"allow":["GET"]}}],"collection":[{"href":"https:\/\/anfe.it\/index.php?rest_route=\/wp\/v2\/pages"}],"about":[{"href":"https:\/\/anfe.it\/index.php?rest_route=\/wp\/v2\/types\/page"}],"author":[{"embeddable":true,"href":"https:\/\/anfe.it\/index.php?rest_route=\/wp\/v2\/users\/1"}],"replies":[{"embeddable":true,"href":"https:\/\/anfe.it\/index.php?rest_route=%2Fwp%2Fv2%2Fcomments&post=1201"}],"version-history":[{"count":3,"href":"https:\/\/anfe.it\/index.php?rest_route=\/wp\/v2\/pages\/1201\/revisions"}],"predecessor-version":[{"id":6179,"href":"https:\/\/anfe.it\/index.php?rest_route=\/wp\/v2\/pages\/1201\/revisions\/6179"}],"wp:attachment":[{"href":"https:\/\/anfe.it\/index.php?rest_route=%2Fwp%2Fv2%2Fmedia&parent=1201"}],"curies":[{"name":"wp","href":"https:\/\/api.w.org\/{rel}","templated":true}]}}