{"id":6053,"date":"2024-11-12T09:00:55","date_gmt":"2024-11-12T08:00:55","guid":{"rendered":"https:\/\/anfe.it\/?page_id=6053"},"modified":"2024-11-14T10:10:21","modified_gmt":"2024-11-14T09:10:21","slug":"cittadinanza-italiana","status":"publish","type":"page","link":"https:\/\/anfe.it\/?page_id=6053","title":{"rendered":"Cittadinanza italiana"},"content":{"rendered":"<section class=\"wpb-content-wrapper\"><p>[vc_row][vc_column][vc_custom_heading text=&#8221;Servizio di Assistenza per il Riconoscimento della Cittadinanza Italiana Ius Sanguinis&#8221; font_container=&#8221;tag:h2|font_size:23|text_align:left&#8221; google_fonts=&#8221;font_family:Roboto%3A100%2C100italic%2C300%2C300italic%2Cregular%2Citalic%2C500%2C500italic%2C700%2C700italic%2C900%2C900italic|font_style:500%20bold%20regular%3A500%3Anormal&#8221;][vc_column_text]La cittadinanza italiana rappresenta un legame profondo e prezioso per molte persone di origine italiana, che desiderano riscoprire e rafforzare il legame con le proprie radici culturali, familiari e storiche. Il servizio di assistenza per il riconoscimento della cittadinanza italiana Ius Sanguinis, offerto da ANFE, \u00e8 stato pensato per supportare gli italodiscendenti che, avendo origini italiane, desiderano riportare alla luce la loro appartenenza alla nostra terra ed alla nostra cultura.<br \/>\nAttraverso un percorso chiaro e guidato, il nostro servizio accompagna gli interessati nel processo di riconoscimento della cittadinanza italiana, sia tramite la via amministrativa che giudiziale, a seconda delle specifiche esigenze di ciascun caso.<\/p>\n<p>Lo scopo non \u00e8 solo ottenere un documento ufficiale, ma anche favorire un profondo ricongiungimento con la terra di origine, rinforzando il legame che unisce gli italiani nel mondo.<br \/>\nANFE \u00e8 al fianco di chi desidera riconquistare il diritto di cittadinanza, aprendo la porta a nuove opportunit\u00e0 e permettendo una connessione pi\u00f9 forte con l&#8217;Italia, la sua cultura e la sua grande comunit\u00e0.[\/vc_column_text][\/vc_column][\/vc_row][vc_row][vc_column][vc_text_separator title=&#8221;OBIETTIVI DEL SERVIZIO&#8221; title_align=&#8221;separator_align_left&#8221; color=&#8221;custom&#8221; accent_color=&#8221;#11539e&#8221;][vc_column_text]Siamo qui per assisterti in ogni fase del processo, offrendo un servizio completo e professionale che include:<br \/>\n<strong>Verifica dei requisiti:<\/strong> Analizziamo insieme il tuo albero genealogico e verifichiamo la documentazione necessaria per stabilire se hai diritto a richiedere la cittadinanza italiana ius sanguinis.<\/p>\n<p><strong>Consulenza documental<\/strong>e: Ti guidiamo nella raccolta di tutti i documenti essenziali, sia italiani che esteri, necessari per provare la discendenza italiana. Collaboriamo con archivi, comuni e ambasciate per recuperare certificati di nascita, matrimonio e altri atti ufficiali.<br \/>\n<strong>Assistenza nella presentazione della domanda:<br \/>\n<\/strong>&#8211; <em>Via amministrativa<\/em>: Offriamo supporto per il riconoscimento attraverso i Consolati Italiani nel paese di residenza o presso il Comune italiano di competenza. Forniamo una consulenza dettagliata sui requisiti e ti aiutiamo a preparare una domanda completa e corretta.<br \/>\n&#8211; <em>Via giudiziale<\/em>: Per coloro che incontrano ostacoli amministrativi, il nostro team legale \u00e8 a disposizione per avviare un procedimento giudiziario presso i tribunali italiani. Ti affianchiamo con avvocati esperti in diritto di cittadinanza, per assicurarti la migliore assistenza legale e aumentare le possibilit\u00e0 di successo.<\/p>\n<p><strong>Supporto linguistico e culturale:<\/strong> Offriamo servizi di traduzione e assistenza nell\u2019orientamento alla cultura e al sistema amministrativo italiano, garantendo un\u2019esperienza fluida e personalizzata.[\/vc_column_text][\/vc_column][\/vc_row][vc_row][vc_column][vc_text_separator title=&#8221;PERCH\u00c8 SCEGLIERCI&#8221; title_align=&#8221;separator_align_left&#8221; color=&#8221;custom&#8221; accent_color=&#8221;#11539e&#8221;][vc_column_text]Il riconoscimento della cittadinanza italiana pu\u00f2 sembrare un processo complesso, ma con il giusto supporto professionale diventa un\u2019opportunit\u00e0 per riscoprire e rafforzare le tue radici. Il nostro team di esperti, specializzati nel diritto di cittadinanza Ius Sanguinis, possiede una profonda conoscenza delle procedure amministrative e legali, e ti accompagner\u00e0 con competenza in ogni fase del percorso.<\/p>\n<p>Accedere alla cittadinanza italiana non significa solo ottenere un documento ufficiale, ma rappresenta una possibilit\u00e0 di ricongiungersi con la propria terra di origine e con la propria identit\u00e0 culturale. ANFE da sempre promuove il legame tra gli italodiscendenti e l\u2019Italia ed \u00e8 il partner ideale per chi desidera riscoprire<br \/>\nil valore profondo delle proprie origini italiane.<\/p>\n<p>Siamo qui per aiutarti a riappropriarti delle tue radici, offrendo non solo un supporto legale, ma un percorso che ti consenta di tornare a sentirti parte di quella comunit\u00e0 che ha dato origine alla tua storia familiare e culturale.<br \/>\nCon ANFE, il processo di cittadinanza diventa un viaggio di scoperta della tua identit\u00e0 familiare che ti consentir\u00e0 di riaffermare il tuo legame con l\u2019Italia, la tua casa culturale e storica.[\/vc_column_text][\/vc_column][\/vc_row][vc_row][vc_column][vc_text_separator title=&#8221;INVIA LA TUA RICHIESTA&#8221; title_align=&#8221;separator_align_left&#8221; color=&#8221;custom&#8221; accent_color=&#8221;#11539e&#8221;]\n<div class=\"wpcf7 no-js\" id=\"wpcf7-f4-o1\" lang=\"en-US\" dir=\"ltr\" data-wpcf7-id=\"4\">\n<div class=\"screen-reader-response\"><p role=\"status\" aria-live=\"polite\" aria-atomic=\"true\"><\/p> <ul><\/ul><\/div>\n<form action=\"\/index.php?rest_route=%2Fwp%2Fv2%2Fpages%2F6053#wpcf7-f4-o1\" method=\"post\" class=\"wpcf7-form init\" aria-label=\"Contact form\" novalidate=\"novalidate\" data-status=\"init\">\n<fieldset class=\"hidden-fields-container\"><input type=\"hidden\" name=\"_wpcf7\" value=\"4\" \/><input type=\"hidden\" name=\"_wpcf7_version\" value=\"6.1.5\" \/><input type=\"hidden\" name=\"_wpcf7_locale\" value=\"en_US\" \/><input type=\"hidden\" name=\"_wpcf7_unit_tag\" value=\"wpcf7-f4-o1\" \/><input type=\"hidden\" name=\"_wpcf7_container_post\" value=\"0\" \/><input type=\"hidden\" name=\"_wpcf7_posted_data_hash\" value=\"\" \/>\n<\/fieldset>\n<p><span class=\"wpcf7-form-control-wrap\" data-name=\"nome\"><input size=\"40\" maxlength=\"400\" class=\"wpcf7-form-control wpcf7-text wpcf7-validates-as-required\" aria-required=\"true\" aria-invalid=\"false\" placeholder=\"Inserisci il tuo nome e cognome\" value=\"\" type=\"text\" name=\"nome\" \/><\/span>\n<\/p>\n<p><span class=\"wpcf7-form-control-wrap\" data-name=\"email\"><input size=\"40\" maxlength=\"400\" class=\"wpcf7-form-control wpcf7-email wpcf7-validates-as-required wpcf7-text wpcf7-validates-as-email\" aria-required=\"true\" aria-invalid=\"false\" placeholder=\"Inserisci la tua email\" value=\"\" type=\"email\" name=\"email\" \/><\/span>\n<\/p>\n<p><span class=\"wpcf7-form-control-wrap\" data-name=\"telefono\"><input size=\"40\" maxlength=\"400\" class=\"wpcf7-form-control wpcf7-tel wpcf7-validates-as-required wpcf7-text wpcf7-validates-as-tel\" aria-required=\"true\" aria-invalid=\"false\" placeholder=\"Inserisci il tuo numero di telefono\" value=\"\" type=\"tel\" name=\"telefono\" \/><\/span>\n<\/p>\n<p><label> Scegli il servizio<br \/>\n<span class=\"wpcf7-form-control-wrap\" data-name=\"oggetto\"><select class=\"wpcf7-form-control wpcf7-select wpcf7-validates-as-required\" aria-required=\"true\" aria-invalid=\"false\" name=\"oggetto\"><option value=\"\">&#8212;Please choose an option&#8212;<\/option><option value=\"Cittadinanza italiana\">Cittadinanza italiana<\/option><option value=\"Riconoscimento titolo di studio\">Riconoscimento titolo di studio<\/option><\/select><\/span><br \/>\n<\/label><br \/>\n<label>Messaggio<br \/>\n<span class=\"wpcf7-form-control-wrap\" data-name=\"messaggio\"><textarea cols=\"40\" rows=\"10\" maxlength=\"2000\" class=\"wpcf7-form-control wpcf7-textarea wpcf7-validates-as-required\" aria-required=\"true\" aria-invalid=\"false\" placeholder=\"Scrivi il tuo messaggio\" name=\"messaggio\"><\/textarea><\/span><br \/>\n<\/label>\n<\/p>\n<p><span class=\"wpcf7-form-control-wrap\" data-name=\"acceptance-267\"><span class=\"wpcf7-form-control wpcf7-acceptance optional\"><span class=\"wpcf7-list-item\"><label><input type=\"checkbox\" name=\"acceptance-267\" value=\"1\" aria-invalid=\"false\" \/><span class=\"wpcf7-list-item-label\">Dichiaro di aver letto le condizioni descritte nella privacy policy<\/span><\/label><\/span><\/span><\/span>\n<\/p>\n<p><input class=\"wpcf7-form-control wpcf7-submit has-spinner btn-invia\" type=\"submit\" value=\"Invia\" \/>\n<\/p><div class=\"wpcf7-response-output\" aria-hidden=\"true\"><\/div>\n<\/form>\n<\/div>\n[\/vc_column][\/vc_row]<\/p>\n<\/section>","protected":false},"excerpt":{"rendered":"<p>[vc_row][vc_column][vc_custom_heading text=&#8221;Servizio di Assistenza per il Riconoscimento della Cittadinanza Italiana Ius Sanguinis&#8221; font_container=&#8221;tag:h2|font_size:23|text_align:left&#8221; google_fonts=&#8221;font_family:Roboto%3A100%2C100italic%2C300%2C300italic%2Cregular%2Citalic%2C500%2C500italic%2C700%2C700italic%2C900%2C900italic|font_style:500%20bold%20regular%3A500%3Anormal&#8221;][vc_column_text]La cittadinanza italiana rappresenta un legame profondo e prezioso per molte persone di origine italiana, che desiderano riscoprire e rafforzare il legame con le proprie radici culturali, familiari e storiche. Il servizio di assistenza per il riconoscimento della cittadinanza italiana Ius Sanguinis,&hellip;<\/p>\n","protected":false},"author":1,"featured_media":0,"parent":0,"menu_order":0,"comment_status":"closed","ping_status":"closed","template":"","meta":{"cybocfi_hide_featured_image":"","footnotes":""},"class_list":["post-6053","page","type-page","status-publish","hentry","description-off"],"_links":{"self":[{"href":"https:\/\/anfe.it\/index.php?rest_route=\/wp\/v2\/pages\/6053","targetHints":{"allow":["GET"]}}],"collection":[{"href":"https:\/\/anfe.it\/index.php?rest_route=\/wp\/v2\/pages"}],"about":[{"href":"https:\/\/anfe.it\/index.php?rest_route=\/wp\/v2\/types\/page"}],"author":[{"embeddable":true,"href":"https:\/\/anfe.it\/index.php?rest_route=\/wp\/v2\/users\/1"}],"replies":[{"embeddable":true,"href":"https:\/\/anfe.it\/index.php?rest_route=%2Fwp%2Fv2%2Fcomments&post=6053"}],"version-history":[{"count":5,"href":"https:\/\/anfe.it\/index.php?rest_route=\/wp\/v2\/pages\/6053\/revisions"}],"predecessor-version":[{"id":6081,"href":"https:\/\/anfe.it\/index.php?rest_route=\/wp\/v2\/pages\/6053\/revisions\/6081"}],"wp:attachment":[{"href":"https:\/\/anfe.it\/index.php?rest_route=%2Fwp%2Fv2%2Fmedia&parent=6053"}],"curies":[{"name":"wp","href":"https:\/\/api.w.org\/{rel}","templated":true}]}}